{"id":295,"date":"2024-03-19T23:56:24","date_gmt":"2024-03-19T22:56:24","guid":{"rendered":"https:\/\/cooperatingngo.com\/tienda-online\/?page_id=295"},"modified":"2024-06-10T15:43:12","modified_gmt":"2024-06-10T13:43:12","slug":"aviso-legal","status":"publish","type":"page","link":"https:\/\/cooperatingngo.com\/tienda-online\/aviso-legal\/","title":{"rendered":"Aviso legal"},"content":{"rendered":"<p>El sitio web <a href=\"https:\/\/www.cooperatingngo.com\">https:\/\/www.cooperatingngo.com<\/a> y todo su material pertenece a la sociedad Cooperating NGO, con domicilio social en Cam\u00ed del mig, 125, puerta 36, Matar\u00f3, 08302.<\/p><ul class=\"wp-block-list\"><li><strong>N.I.F.:<\/strong> <strong>G56415383<\/strong><\/li>\n\n<li><strong>Correo electr\u00f3nico: info@cooperatingngo.com<\/strong><\/li>\n\n<li><strong>Tel\u00e9fono:<\/strong> + 34 672 888 286<\/li>\n\n<li>Asociaci\u00f3n inscrita en el Registro Nacional de Asociaciones: Secci\u00f3n: 1a \/ N\u00famero Nacional: 627790<\/li><\/ul><p><strong>Objeto<\/strong>Cooperating NGO (en adelante el prestador), responsable del sitio web <a href=\"https:\/\/www.cooperatingngo.com\">https:\/\/www.cooperatingngo.com<\/a> pone a disposici\u00f3n de los usuarios el presente documento con el que pretende dar cumplimiento a las obligaciones dispuestas en la Ley 34\/2002, de Servicios de la Sociedad de la Informaci\u00f3n y del Comercio Electr\u00f3nico (LSSI-CE), as\u00ed como informar a todos los usuarios del sitio web respecto a cu\u00e1les son las condiciones de uso del mismo.<\/p><p>Toda persona que acceda a este sitio web asume el papel de usuario, comprometi\u00e9ndose a la observancia y cumplimiento riguroso de las disposiciones aqu\u00ed incluidas, as\u00ed como a cualquier otra disposici\u00f3n legal que fuera de aplicaci\u00f3n.<\/p><p>El prestador se reserva el derecho a modificar cualquier tipo de informaci\u00f3n que pudiera aparecer en el sitio web, sin que exista obligaci\u00f3n de pre avisar o poner en conocimiento de los usuarios dichas obligaciones, entendi\u00e9ndose como suficiente con la publicaci\u00f3n en el sitio web del prestador.<\/p><p><strong>Responsabilidad<br><\/strong>El prestador se exime de cualquier tipo de responsabilidad derivada de la informaci\u00f3n publicada en su sitio web, siempre que esta informaci\u00f3n haya sido manipulada o introducida por un tercero ajeno al mismo.<\/p><p>Desde este sitio web es posible que se redirija a contenidos de terceros sitios. Dado que el prestador no puede controlar siempre los contenidos introducidos por los terceros en su sitio, \u00e9ste no asume ning\u00fan tipo de responsabilidad respecto a dichos contenidos. En todo caso, el prestador manifiesta que proceder\u00e1 a la retirada inmediata de cualquier contenido que pudiera contravenir la legislaci\u00f3n nacional o internacional, la moral o el orden p\u00fablico, procediendo a la retirada inmediata de la redirecci\u00f3n a dicho sitio web, poniendo en conocimiento de las autoridades competentes el contenido en cuesti\u00f3n.<\/p><p>El prestador no se hace responsable de la informaci\u00f3n y contenidos almacenados, a t\u00edtulo enunciativo pero no limitativo, en foros, chats, generadores de blogs, comentarios, redes sociales o cualesquier otro medio que permita a terceros publicar contenidos de forma independiente en la p\u00e1gina web del prestador. No obstante y en cumplimiento de lo dispuesto en el art. 11 y 16 de la LSSI-CE, el prestador se pone a disposici\u00f3n de todos los usuarios, autoridades y fuerzas de seguridad, y colaborando de forma activa en la retirada o en su caso bloqueo de todos aquellos contenidos que pudieran afectar o contravenir la legislaci\u00f3n nacional, o internacional, derechos de terceros o la moral y el orden p\u00fablico. En caso de que el usuario considere que existe en el sitio web alg\u00fan contenido que pudiera ser susceptible de esta clasificaci\u00f3n, se ruega lo notifique de forma inmediata al administrador del sitio web.<\/p><p><strong>Protecci\u00f3n de datos<\/strong><\/p><p>Para utilizar o tener acceso a determinados Servicios y\/o Contenidos COOPERATING NGO podr\u00e1 requerir a los usuarios la cumplimentaci\u00f3n de ciertos formularios de registro que implican necesariamente el suministro de ciertos datos de car\u00e1cter personal. COOPERATING NGO, tratar\u00e1 dichos datos de conformidad con las finalidades y bajo las condiciones que en cada caso se detallan.<\/p><p>Al completar y enviar cualquier formulario incorporado en el Sitio Web o la correspondiente plataforma, el usuario es consciente y autoriza expresamente a que COOPERATING NGO, recoja, trate autom\u00e1ticamente, seg\u00fan sea el caso, los datos de car\u00e1cter personal que se le solicitan de conformidad con las finalidades y bajo las condiciones que en cada caso se detallen.<\/p><p>COOPERATING NGO ha adoptado y adoptar\u00e1 todas las medidas t\u00e9cnicas y organizativas de seguridad que sean de obligaci\u00f3n de conformidad con lo establecido por la legislaci\u00f3n vigente y los est\u00e1ndares de calidad existentes en el sector, a fin de garantizar al m\u00e1ximo la seguridad y confidencialidad de las comunicaciones. Para m\u00e1s informaci\u00f3n, consulte nuestra Pol\u00edtica de Privacidad <a href=\"https:\/\/cooperatingngo.com\/politica-de-privacidad\/\">https:\/\/cooperatingngo.com\/politica-de-privacidad\/<\/a>&nbsp;<\/p><p><strong>Ley Aplicable Y Jurisdicci\u00f3n<\/strong><\/p><p>Esta p\u00e1gina web se encuentra sometida a la legislaci\u00f3n espa\u00f1ola y en caso de litigio o controversia surgida del uso de esta p\u00e1gina web ambas partes se someten a la jurisdicci\u00f3n de los tribunales de la ciudad de Barcelona (Espa\u00f1a). Esta cl\u00e1usula de sumisi\u00f3n expresa a los tribunales de la ciudad de Barcelona no ser\u00e1 aplicable para los supuestos de litigio con los usuarios de la web que, seg\u00fan la legislaci\u00f3n vigente, ostenten la condici\u00f3n de consumidores, en cuyo caso ambas partes estar\u00e1n sometidos a la jurisdicci\u00f3n de los Juzgados y Tribunales de residencia del consumidor. As\u00ed mismo en estos casos, el prestador y el usuario podr\u00e1n someter sus conflictos a los arbitrajes previstos en la legislaci\u00f3n de arbitraje y de defensa de los consumidores y usuarios, y a los procedimientos de resoluci\u00f3n extrajudicial de conflictos que se instauren por medio de c\u00f3digos de conducta u otros instrumentos de autorregulaci\u00f3n.<\/p><p>En caso de no estar de acuerdo con los productos&nbsp; o servicios contratados y ser un cliente perteneciente a la Uni\u00f3n Europea, excepto espa\u00f1ol, podr\u00e1 dirigirse al siguiente enlace para formular la reclamaci\u00f3n oportuna:&nbsp; <a href=\"http:\/\/ec.europa.eu\/consumers\/odr\/\">http:\/\/ec.europa.eu\/consumers\/odr\/<\/a><\/p>","protected":false},"excerpt":{"rendered":"<p>El sitio web https:\/\/www.cooperatingngo.com y todo su material pertenece a la sociedad Cooperating NGO, con domicilio social en Cam\u00ed del mig, 125, puerta 36, Matar\u00f3, 08302. ObjetoCooperating NGO (en adelante el prestador), responsable del sitio web https:\/\/www.cooperatingngo.com pone a disposici\u00f3n de los usuarios el presente documento con el que pretende dar cumplimiento a las obligaciones [&hellip;]<\/p>\n","protected":false},"author":2,"featured_media":0,"parent":0,"menu_order":0,"comment_status":"closed","ping_status":"closed","template":"","meta":{"footnotes":""},"class_list":["post-295","page","type-page","status-publish","hentry"],"_links":{"self":[{"href":"https:\/\/cooperatingngo.com\/tienda-online\/wp-json\/wp\/v2\/pages\/295","targetHints":{"allow":["GET"]}}],"collection":[{"href":"https:\/\/cooperatingngo.com\/tienda-online\/wp-json\/wp\/v2\/pages"}],"about":[{"href":"https:\/\/cooperatingngo.com\/tienda-online\/wp-json\/wp\/v2\/types\/page"}],"author":[{"embeddable":true,"href":"https:\/\/cooperatingngo.com\/tienda-online\/wp-json\/wp\/v2\/users\/2"}],"replies":[{"embeddable":true,"href":"https:\/\/cooperatingngo.com\/tienda-online\/wp-json\/wp\/v2\/comments?post=295"}],"version-history":[{"count":5,"href":"https:\/\/cooperatingngo.com\/tienda-online\/wp-json\/wp\/v2\/pages\/295\/revisions"}],"predecessor-version":[{"id":989,"href":"https:\/\/cooperatingngo.com\/tienda-online\/wp-json\/wp\/v2\/pages\/295\/revisions\/989"}],"wp:attachment":[{"href":"https:\/\/cooperatingngo.com\/tienda-online\/wp-json\/wp\/v2\/media?parent=295"}],"curies":[{"name":"wp","href":"https:\/\/api.w.org\/{rel}","templated":true}]}}